{"id":94,"date":"2018-05-01T13:04:09","date_gmt":"2018-05-01T11:04:09","guid":{"rendered":"http:\/\/vgn.nu.petabyte.se\/?page_id=94"},"modified":"2026-04-08T00:48:53","modified_gmt":"2026-04-07T22:48:53","slug":"om-oss","status":"publish","type":"page","link":"https:\/\/vgn.nu\/?page_id=94","title":{"rendered":"webb-TV"},"content":{"rendered":"<p>Alla m\u00f6ten direkts\u00e4nds av flertalet n\u00e4rradiostationerna i regionen. Sedan 2007 ocks\u00e5 via webben d\u00e4r man b\u00e5de kan se och h\u00f6ra, h\u00e4r finns alla m\u00f6ten arkiverade och kan ses. H\u00e4r ser ni senaste m\u00f6tet, och via l\u00e4nken &#8221;Mer WebbTV&#8221; under spelaren kan ni se alla tidigare.<\/p>\n<p>Tidigare har dessa m\u00f6ten <a href=\"#C4\"><\/a>Teckenspr\u00e5kstolkats, men nu kommer m\u00f6tet bara att textas (i efterhand).<\/p>\n<div>\n<div style=\"position:relative; padding-bottom: 56.25%; height:0;\n            overflow:hidden;\"><br \/>\n<iframe src=\"https:\/\/regionfullmaktige.nu\/embed\/program\/5514\/\n    allowfullscreen\n    allow=\" autoplay;=\"\" encrypted-media;=\"\" picture-in-picture\"=\"\" frameborder=\"0\" sandbox=\"allow-scripts allow-popups allow-popups-to-escape-sandbox allow-presentation allow-same-origin\" loading=\"lazy\" style=\"position: absolute; top: 0; left: 0;\n        width: 100%; height: 100%;\"><br \/>\n<\/iframe><\/div>\n<\/div>\n<p><!--      height     680px     resp   410px       --><\/p>\n<div id=\"C4\">S\u00e4ndningarna kommer att textas, i live v\u00e4ljer du s\u00e4ndning med text uppe till h\u00f6ger i spelaren, i live kan du inte sl\u00e5 av och p\u00e5 text utan bara v\u00e4lja s\u00e4ndning med inb\u00e4ddad text. I efterhand sl\u00e5r man av och p\u00e5 texten i h\u00f6ger nederkant av spelaren.<\/p>\n<p>I efterhand sl\u00e5r du p\u00e5 och av textningen, nere till h\u00f6ger i spelaren, eller i inst\u00e4llningarna f\u00f6r din smartphone.<\/p>\n<\/div>\n<p><a href=\"https:\/\/regionfullmaktige.nu\/\" rel=\"noopener noreferrer\" target=\"_blank\">Teckenspr\u00e5kstolkat och alla tidigare m\u00f6ten kan ni se h\u00e4r.<\/a><\/p>\n","protected":false},"excerpt":{"rendered":"<p>Alla m\u00f6ten direkts\u00e4nds av flertalet n\u00e4rradiostationerna i regionen. Sedan 2007 ocks\u00e5 via webben d\u00e4r man b\u00e5de kan se och h\u00f6ra, h\u00e4r finns alla m\u00f6ten arkiverade och kan ses. H\u00e4r ser ni senaste m\u00f6tet, och via l\u00e4nken &#8221;Mer WebbTV&#8221; under spelaren kan ni se alla tidigare. Tidigare har dessa m\u00f6ten Teckenspr\u00e5kstolkats, men nu kommer m\u00f6tet bara &hellip; <a href=\"https:\/\/vgn.nu\/?page_id=94\" class=\"more-link\">Forts\u00e4tt l\u00e4sa <span class=\"screen-reader-text\">webb-TV<\/span><\/a><\/p>\n","protected":false},"author":9,"featured_media":0,"parent":0,"menu_order":0,"comment_status":"closed","ping_status":"closed","template":"","meta":[],"_links":{"self":[{"href":"https:\/\/vgn.nu\/index.php?rest_route=\/wp\/v2\/pages\/94"}],"collection":[{"href":"https:\/\/vgn.nu\/index.php?rest_route=\/wp\/v2\/pages"}],"about":[{"href":"https:\/\/vgn.nu\/index.php?rest_route=\/wp\/v2\/types\/page"}],"author":[{"embeddable":true,"href":"https:\/\/vgn.nu\/index.php?rest_route=\/wp\/v2\/users\/9"}],"replies":[{"embeddable":true,"href":"https:\/\/vgn.nu\/index.php?rest_route=%2Fwp%2Fv2%2Fcomments&post=94"}],"version-history":[{"count":76,"href":"https:\/\/vgn.nu\/index.php?rest_route=\/wp\/v2\/pages\/94\/revisions"}],"predecessor-version":[{"id":3523,"href":"https:\/\/vgn.nu\/index.php?rest_route=\/wp\/v2\/pages\/94\/revisions\/3523"}],"wp:attachment":[{"href":"https:\/\/vgn.nu\/index.php?rest_route=%2Fwp%2Fv2%2Fmedia&parent=94"}],"curies":[{"name":"wp","href":"https:\/\/api.w.org\/{rel}","templated":true}]}}