{"id":89,"date":"2018-05-01T13:04:09","date_gmt":"2018-05-01T11:04:09","guid":{"rendered":"http:\/\/vgn.nu.petabyte.se\/?page_id=89"},"modified":"2022-04-07T11:31:22","modified_gmt":"2022-04-07T09:31:22","slug":"startsida","status":"publish","type":"page","link":"https:\/\/vgn.nu\/","title":{"rendered":"Om distriktet"},"content":{"rendered":"<p><!--\n\nAktuellt, just nu, <a href=\"http:\/\/vgn.nu\/?p=1042\">h\u00f6r din EU kandidat fr\u00e5n regionen h\u00e4r.<\/a>\n\n-----------------------------------------------------------------------------------\n--><\/p>\n<p><strong>V\u00e4stra G\u00f6talands N\u00e4rradiodistrikt bildades den 30 januari 1999 och \u00e4r en samarbetsorganisation f\u00f6r flertalet n\u00e4rradiof\u00f6reningar i v\u00e4stra Sverige.<\/strong><\/p>\n<p>VGN:s uppgifter ligger inom omr\u00e5dena gemensamma program, teknikutveckling, utbildning och policy.<\/p>\n<p>VGN har avtal med <a href=\"http:\/\/www.vgregion.se\/\" rel=\"noopener noreferrer\" target=\"_blank\">V\u00e4stra G\u00f6talandsregionen<\/a> om att producera och&nbsp; <a href=\"http:\/\/vgn.nu\/?page_id=104\">direkts\u00e4nda&nbsp;regionfullm\u00e4ktiges m\u00f6te<\/a>,&nbsp;oftast nio smantr\u00e4desdagar per \u00e5r.<\/p>\n<p>Dessutom produceras ett f\u00f6rhandsprogram med \u00e4rendepresentation f\u00f6re varje fullm\u00e4ktigem\u00f6te.<\/p>\n<p>S\u00e4ndningarna sker via internet i ett n\u00e4tverk d\u00e4r VGN:s medlemsf\u00f6reningar deltar med s\u00e4ndare i Alings\u00e5s, Bor\u00e5s, Falk\u00f6ping, G\u00f6teborg, Kinnekulle\/G\u00f6tene, Lidk\u00f6ping, Soten\u00e4s, Sk\u00f6vde, Trollh\u00e4ttan.<\/p>\n","protected":false},"excerpt":{"rendered":"<p>V\u00e4stra G\u00f6talands N\u00e4rradiodistrikt bildades den 30 januari 1999 och \u00e4r en samarbetsorganisation f\u00f6r flertalet n\u00e4rradiof\u00f6reningar i v\u00e4stra Sverige. VGN:s uppgifter ligger inom omr\u00e5dena gemensamma program, teknikutveckling, utbildning och policy. VGN har avtal med V\u00e4stra G\u00f6talandsregionen om att producera och&nbsp; direkts\u00e4nda&nbsp;regionfullm\u00e4ktiges m\u00f6te,&nbsp;oftast nio smantr\u00e4desdagar per \u00e5r. Dessutom produceras ett f\u00f6rhandsprogram med \u00e4rendepresentation f\u00f6re varje fullm\u00e4ktigem\u00f6te. S\u00e4ndningarna &hellip; <a href=\"https:\/\/vgn.nu\/\" class=\"more-link\">Forts\u00e4tt l\u00e4sa <span class=\"screen-reader-text\">Om distriktet<\/span><\/a><\/p>\n","protected":false},"author":9,"featured_media":339,"parent":0,"menu_order":0,"comment_status":"closed","ping_status":"closed","template":"","meta":[],"_links":{"self":[{"href":"https:\/\/vgn.nu\/index.php?rest_route=\/wp\/v2\/pages\/89"}],"collection":[{"href":"https:\/\/vgn.nu\/index.php?rest_route=\/wp\/v2\/pages"}],"about":[{"href":"https:\/\/vgn.nu\/index.php?rest_route=\/wp\/v2\/types\/page"}],"author":[{"embeddable":true,"href":"https:\/\/vgn.nu\/index.php?rest_route=\/wp\/v2\/users\/9"}],"replies":[{"embeddable":true,"href":"https:\/\/vgn.nu\/index.php?rest_route=%2Fwp%2Fv2%2Fcomments&post=89"}],"version-history":[{"count":15,"href":"https:\/\/vgn.nu\/index.php?rest_route=\/wp\/v2\/pages\/89\/revisions"}],"predecessor-version":[{"id":2437,"href":"https:\/\/vgn.nu\/index.php?rest_route=\/wp\/v2\/pages\/89\/revisions\/2437"}],"wp:featuredmedia":[{"embeddable":true,"href":"https:\/\/vgn.nu\/index.php?rest_route=\/wp\/v2\/media\/339"}],"wp:attachment":[{"href":"https:\/\/vgn.nu\/index.php?rest_route=%2Fwp%2Fv2%2Fmedia&parent=89"}],"curies":[{"name":"wp","href":"https:\/\/api.w.org\/{rel}","templated":true}]}}