{"id":1522,"date":"2020-05-12T17:34:31","date_gmt":"2020-05-12T15:34:31","guid":{"rendered":"http:\/\/vgn.nu\/?page_id=1522"},"modified":"2021-04-07T11:49:17","modified_gmt":"2021-04-07T09:49:17","slug":"webb-radio","status":"publish","type":"page","link":"https:\/\/vgn.nu\/?page_id=1522","title":{"rendered":"webb-Radio"},"content":{"rendered":"<p>Om du bara vill lyssna, kan du h\u00e4r f\u00f6lja alla m\u00f6ten live via n\u00e4tet i din mobil platta eller dator.<\/p>\n<p>H\u00e4r kan du <a href=\"http:\/\/lyssna.fnf.nu:8080\/fnf.mp3.m3u\">lyssna live under p\u00e5g\u00e5ende m\u00f6te via Radio Falk\u00f6ping<\/a><\/p>\n<!--[if lt IE 9]><script>document.createElement('audio');<\/script><![endif]-->\n<audio class=\"wp-audio-shortcode\" id=\"audio-1522-1\" preload=\"none\" style=\"width: 100%;\" controls=\"controls\"><source type=\"audio\/mpeg\" src=\"https:\/\/radio.fnf.nu\/fnf.mp3?_=1\" \/><a href=\"https:\/\/radio.fnf.nu\/fnf.mp3\">https:\/\/radio.fnf.nu\/fnf.mp3<\/a><\/audio>\n","protected":false},"excerpt":{"rendered":"<p>Om du bara vill lyssna, kan du h\u00e4r f\u00f6lja alla m\u00f6ten live via n\u00e4tet i din mobil platta eller dator. H\u00e4r kan du lyssna live under p\u00e5g\u00e5ende m\u00f6te via Radio Falk\u00f6ping<\/p>\n","protected":false},"author":9,"featured_media":339,"parent":0,"menu_order":0,"comment_status":"closed","ping_status":"closed","template":"","meta":[],"_links":{"self":[{"href":"https:\/\/vgn.nu\/index.php?rest_route=\/wp\/v2\/pages\/1522"}],"collection":[{"href":"https:\/\/vgn.nu\/index.php?rest_route=\/wp\/v2\/pages"}],"about":[{"href":"https:\/\/vgn.nu\/index.php?rest_route=\/wp\/v2\/types\/page"}],"author":[{"embeddable":true,"href":"https:\/\/vgn.nu\/index.php?rest_route=\/wp\/v2\/users\/9"}],"replies":[{"embeddable":true,"href":"https:\/\/vgn.nu\/index.php?rest_route=%2Fwp%2Fv2%2Fcomments&post=1522"}],"version-history":[{"count":4,"href":"https:\/\/vgn.nu\/index.php?rest_route=\/wp\/v2\/pages\/1522\/revisions"}],"predecessor-version":[{"id":2122,"href":"https:\/\/vgn.nu\/index.php?rest_route=\/wp\/v2\/pages\/1522\/revisions\/2122"}],"wp:featuredmedia":[{"embeddable":true,"href":"https:\/\/vgn.nu\/index.php?rest_route=\/wp\/v2\/media\/339"}],"wp:attachment":[{"href":"https:\/\/vgn.nu\/index.php?rest_route=%2Fwp%2Fv2%2Fmedia&parent=1522"}],"curies":[{"name":"wp","href":"https:\/\/api.w.org\/{rel}","templated":true}]}}