{"id":109,"date":"2018-05-01T13:04:09","date_gmt":"2018-05-01T11:04:09","guid":{"rendered":"http:\/\/vgn.nu.petabyte.se\/?page_id=109"},"modified":"2023-11-21T11:58:27","modified_gmt":"2023-11-21T10:58:27","slug":"en-hemsides-sektion","status":"publish","type":"page","link":"https:\/\/vgn.nu\/?page_id=109","title":{"rendered":"N\u00e4tverket &#8211; stationerna"},"content":{"rendered":"<p>I VGN:s n\u00e4tverk f\u00f6r sams\u00e4ndningar deltar flertalet stationer. Det g\u00f6r att V\u00e4stra G\u00f6talandsregionen med sina 1.5 miljoner inv\u00e5nare har en t\u00e4mligen god t\u00e4ckning om man bortser fr\u00e5n Dalsland d\u00e4r n\u00e4rradion \u00e4nnu inte \u00e4r utbyggd.<\/p>\n<p>S\u00e4ndningarna \u00f6verf\u00f6rs via internet och s\u00e4ndningskvaliteten \u00e4r god.<\/p>\n<p>Fr\u00e5n starten har det varit regions\u00e4ndningarna som har anv\u00e4nt VGN:s resurser regelbundet men distriktet ser ocks\u00e5 m\u00f6jligheten att n\u00e4tverket kan anv\u00e4ndas i andra sammanhang, till exempel av politiska, religi\u00f6sa, fackliga organisationer eller av studief\u00f6rbunden. Kontakta g\u00e4rna n\u00e5gon i styrelsen f\u00f6r vidare information, till exempel VGN:s ordf\u00f6rande eller den tekniske samordnaren.<\/p>\n<p>Styrelsen hj\u00e4lper g\u00e4rna till n\u00e4r det g\u00e4ller informationsm\u00f6ten, start av nya f\u00f6reningar, utbildning, utveckling och upphandling av teknik, med mera.<\/p>\n<h6>\nAlings\u00e5s&nbsp; &nbsp; &nbsp; &nbsp; &nbsp;&nbsp;98,6 MHz<\/h6>\n<h6><a href=\"http:\/\/www.borasnarradio.se\" rel=\"noopener noreferrer\" target=\"_blank\">Bor\u00e5s&nbsp;<\/a> &nbsp; &nbsp; &nbsp; &nbsp; &nbsp; &nbsp; &nbsp;92,5 MHz<\/h6>\n<h6><a href=\"http:\/\/www.fnf.nu\" target=\"_blank\" rel=\"noopener noreferrer\">Falk\u00f6ping<\/a>&nbsp; &nbsp; &nbsp; &nbsp; 90,8 MHz<\/h6>\n<h6><a href=\"http:\/\/www.gnf.nu\" target=\"_blank\" rel=\"noopener noreferrer\">G\u00f6teborg<\/a>&nbsp; &nbsp; &nbsp; &nbsp; &nbsp;94,9 MHz<\/h6>\n<h6><a href=\"http:\/\/www.radiokinnekulle.se\" target=\"_blank\" rel=\"noopener noreferrer\">G\u00f6tene<\/a>&nbsp; &nbsp; &nbsp; &nbsp; &nbsp; &nbsp; 102,6 MHz<\/h6>\n<h6><a href=\"https:\/\/www.radiolidkoping.se\" target=\"_blank\" rel=\"noopener noreferrer\">Lidk\u00f6ping<\/a>&nbsp; &nbsp; &nbsp; &nbsp; &nbsp;93,8 MHz<\/h6>\n<h6><a href=\"http:\/\/www.radio.skovde.se\" target=\"_blank\" rel=\"noopener noreferrer\">Sk\u00f6vde<\/a>&nbsp; &nbsp; &nbsp; &nbsp; &nbsp; &nbsp; &nbsp; &nbsp;90,4 MHz<\/h6>\n<h6><a href=\"http:\/\/www.radiosotenas.se\/\" target=\"_blank\" rel=\"noopener noreferrer\">Soten\u00e4s<\/a>&nbsp; (s\u00e4nder via n\u00e4tet) &nbsp; &nbsp;   s\u00e4nder ej RF.<\/h6>\n<h6><a href=\"http:\/\/www.radiotidaholm.com\" target=\"_blank\" rel=\"noopener noreferrer\">Tidaholm<\/a>&nbsp; &nbsp; &nbsp; &nbsp; &nbsp;101,6 MHz &nbsp; &nbsp;   s\u00e4nder ej RF.<\/h6>\n<h6><a href=\"http:\/\/www.radiotrollhattan.se\/\" target=\"_blank\" rel=\"noopener noreferrer\">Trollh\u00e4ttan<\/a>&nbsp; &nbsp; &nbsp;90,6 MHz<\/h6>\n<h6><a href=\"http:\/\/www.radiovara.nu\" target=\"_blank\" rel=\"noopener noreferrer\">Vara<\/a> &nbsp; &nbsp; &nbsp;  &nbsp; &nbsp; &nbsp; &nbsp; &nbsp; &nbsp; &nbsp;87,8 MHz   &nbsp; &nbsp;   s\u00e4nder ej RF.<\/h6>\n<p align=\"CENTER\">\n","protected":false},"excerpt":{"rendered":"<p>I VGN:s n\u00e4tverk f\u00f6r sams\u00e4ndningar deltar flertalet stationer. Det g\u00f6r att V\u00e4stra G\u00f6talandsregionen med sina 1.5 miljoner inv\u00e5nare har en t\u00e4mligen god t\u00e4ckning om man bortser fr\u00e5n Dalsland d\u00e4r n\u00e4rradion \u00e4nnu inte \u00e4r utbyggd. S\u00e4ndningarna \u00f6verf\u00f6rs via internet och s\u00e4ndningskvaliteten \u00e4r god. Fr\u00e5n starten har det varit regions\u00e4ndningarna som har anv\u00e4nt VGN:s resurser regelbundet men &hellip; <a href=\"https:\/\/vgn.nu\/?page_id=109\" class=\"more-link\">Forts\u00e4tt l\u00e4sa <span class=\"screen-reader-text\">N\u00e4tverket &#8211; stationerna<\/span><\/a><\/p>\n","protected":false},"author":9,"featured_media":459,"parent":0,"menu_order":0,"comment_status":"closed","ping_status":"closed","template":"","meta":[],"_links":{"self":[{"href":"https:\/\/vgn.nu\/index.php?rest_route=\/wp\/v2\/pages\/109"}],"collection":[{"href":"https:\/\/vgn.nu\/index.php?rest_route=\/wp\/v2\/pages"}],"about":[{"href":"https:\/\/vgn.nu\/index.php?rest_route=\/wp\/v2\/types\/page"}],"author":[{"embeddable":true,"href":"https:\/\/vgn.nu\/index.php?rest_route=\/wp\/v2\/users\/9"}],"replies":[{"embeddable":true,"href":"https:\/\/vgn.nu\/index.php?rest_route=%2Fwp%2Fv2%2Fcomments&post=109"}],"version-history":[{"count":20,"href":"https:\/\/vgn.nu\/index.php?rest_route=\/wp\/v2\/pages\/109\/revisions"}],"predecessor-version":[{"id":2923,"href":"https:\/\/vgn.nu\/index.php?rest_route=\/wp\/v2\/pages\/109\/revisions\/2923"}],"wp:featuredmedia":[{"embeddable":true,"href":"https:\/\/vgn.nu\/index.php?rest_route=\/wp\/v2\/media\/459"}],"wp:attachment":[{"href":"https:\/\/vgn.nu\/index.php?rest_route=%2Fwp%2Fv2%2Fmedia&parent=109"}],"curies":[{"name":"wp","href":"https:\/\/api.w.org\/{rel}","templated":true}]}}